{"id":2703,"date":"2024-09-24T14:33:48","date_gmt":"2024-09-24T12:33:48","guid":{"rendered":"https:\/\/sisme.it\/company\/history\/"},"modified":"2024-10-25T11:47:01","modified_gmt":"2024-10-25T09:47:01","slug":"history","status":"publish","type":"page","link":"https:\/\/sisme.it\/en\/company\/history\/","title":{"rendered":"History"},"content":{"rendered":"<p>[et_pb_section fb_built=&#8221;1&#8243; _builder_version=&#8221;4.27.0&#8243; _module_preset=&#8221;default&#8221; custom_padding=&#8221;0px||||false|false&#8221; global_colors_info=&#8221;{}&#8221;][et_pb_row use_custom_gutter=&#8221;on&#8221; make_equal=&#8221;on&#8221; module_id=&#8221;prototipazione&#8221; module_class=&#8221;prototipazione&#8221; _builder_version=&#8221;4.27.0&#8243; _module_preset=&#8221;default&#8221; width=&#8221;90%&#8221; max_width=&#8221;1500px&#8221; custom_css_main_element=&#8221;align-items: flex-end;&#8221; global_colors_info=&#8221;{}&#8221;][et_pb_column type=&#8221;4_4&#8243; _builder_version=&#8221;4.27.0&#8243; _module_preset=&#8221;default&#8221; global_colors_info=&#8221;{}&#8221;][dnxte_coverflowslider_parent dnxte_coverflow_autoplay_show_hide=&#8221;off&#8221; dnxte_coverflow_centered_slides=&#8221;on&#8221; dnxte_coverflow_auto_height=&#8221;on&#8221; dnxte_coverflow_mousewheel_enable=&#8221;off&#8221; dnxte_coverflow_arrows=&#8221;on&#8221; dnxte_coverflow_breakpoint_desktop=&#8221;2&#8243; dnxte_coverflow_arrow_position=&#8221;top-right&#8221; _builder_version=&#8221;4.27.0&#8243; _module_preset=&#8221;default&#8221; text_font=&#8221;||||||||&#8221; global_colors_info=&#8221;{}&#8221;][dnxte_coverflowslider_child admin_label_text=&#8221;1957&#8243; coverflowslider_layouts=&#8221;below-image&#8221; coverflowslider_text=&#8221;1957: le origini&#8221; coverflowslider_content=&#8221;<\/p>\n<p>Il primo stabilimento dell&#8217;attuale SISME nasce a Olgiate Comasco (Como) il 31 gennaio 1957, su iniziativa della multinazionale statunitense Ranco. La nuova realt\u00e0 lavorativa viene accolta favorevolmente dal territorio, in linea con la strategia dell&#8217;Amministrazione Comunale, che da tempo auspicava una diversificazione degli insediamenti produttivi. La forte vocazione tessile del territorio, infatti, legava l&#8217;economia locale alle oscillazioni congiunturali di quel settore.<\/p>\n<p>Ranco trova immediatamente vantaggio nelle competenze, abilit\u00e0 e cultura industriale gi\u00e0 diffuse tra la manodopera locale, poich\u00e9 il suo processo produttivo richiede capacit\u00e0 affini a quelle maturate nell&#8217;industria tessile. L&#8217;apporto di personale qualificato si rivela, fin dall&#8217;inizio, fondamentale per il successo dell&#8217;azienda.<\/p>\n<p>&#8221; coverflowslider_image=&#8221;https:\/\/sisme.it\/wp-content\/uploads\/2024\/09\/Sede-storica-sisme-Via-Grandi-olgiate-comasco383.jpg&#8221; coverflowslider_image_margin=&#8221;||2vw||false|false&#8221; _builder_version=&#8221;4.27.0&#8243; _module_preset=&#8221;default&#8221; header_font=&#8221;|800|||||||&#8221; header_text_color=&#8221;#000000&#8243; header_font_size=&#8221;22px&#8221; content_font=&#8221;||||||||&#8221; content_text_align=&#8221;justify&#8221; content_line_height=&#8221;1.7em&#8221; global_colors_info=&#8221;{}&#8221;][\/dnxte_coverflowslider_child][dnxte_coverflowslider_child admin_label_text=&#8221;1961&#8243; coverflowslider_layouts=&#8221;below-image&#8221; coverflowslider_text=&#8221;1961: la sede di via Grandi&#8221; coverflowslider_content=&#8221;<\/p>\n<p>Nell\u2019anno 1961, la Societ\u00e0 si trasferisce nella nuova sede di via Achille Grandi, sempre ad Olgiate Comasco, nella quale vengono installati macchinari ed impianti pi\u00f9 moderni che costituiscono la prima fondamentale tappa dell\u2019azienda. Inizia il processo di meccanizzazione, aumentano i motori prodotti e la forza lavoro si mantiene stabile. Il mercato prevalente \u00e8 quello nazionale.<\/p>\n<p>Il prodotto di punta \u00e8 il rotostatore per compressori frigoriferi, destinato ad un mercato in piena espansione: i frigoriferi per la famiglia. La tecnologia americana pi\u00f9 sofisticata, unit\u00e0 alla abilit\u00e0 della manodopera locale, proiettano Ranco ai vertici del settore.<\/p>\n<p>&#8221; coverflowslider_image=&#8221;https:\/\/sisme.it\/wp-content\/uploads\/2024\/09\/sisme-sede-via-grandi-1961.jpg&#8221; coverflowslider_image_margin=&#8221;||2vw||false|false&#8221; _builder_version=&#8221;4.27.0&#8243; _module_preset=&#8221;default&#8221; header_font=&#8221;|800|||||||&#8221; header_text_color=&#8221;#000000&#8243; header_font_size=&#8221;22px&#8221; content_font=&#8221;||||||||&#8221; content_text_align=&#8221;justify&#8221; content_line_height=&#8221;1.7em&#8221; global_colors_info=&#8221;{}&#8221;][\/dnxte_coverflowslider_child][dnxte_coverflowslider_child admin_label_text=&#8221;1975&#8243; coverflowslider_layouts=&#8221;below-image&#8221; coverflowslider_text=&#8221;1975: Sisme New Deal&#8221; coverflowslider_content=&#8221;<\/p>\n<p>Ma \u00e8 nel 1975, anno del cambio di ragione sociale, che SISME assume un ruolo di assoluta leadership nel campo dei motori elettrici per elettrodomestici, ventilazione industriale e civile e dei rotostatori per compressori.<\/p>\n<p>Al cambio di ragione sociale corrisponde un management rinnovato ed altamente motivato allo sviluppo. \u00c8 in questa fase che la figura di Antonio Costantini, al vertice della Societ\u00e0, impartisce all\u2019organizzazione un\u2019impronta moderna, fondata sull\u2019attento ed ottimale impiego delle risorse interne, in un\u2019ottica di globalizzazione dei mercati e di differenziazione dei prodotti.<\/p>\n<p>Il risultato \u00e8 la crescita dell\u2019azienda sul mercato nazionale ed internazionale. Il numero di occupati resta sostanzialmente invariato, oscillando intorno agli 800 addetti, ma la superficie produttiva viene sensibilmente incrementata con la costruzione, nei primi anni \u201980, del reparto \u201cisola\u201d, in cui l\u2019apporto umano in termini di microrganizzazione, di iniziativa e di visione d\u2019insieme della lavorazione risulta particolarmente valorizzato.<\/p>\n<p>&#8221; coverflowslider_image=&#8221;https:\/\/sisme.it\/wp-content\/uploads\/2024\/09\/ufficio-tecnico-azienda-1975-383.jpg&#8221; coverflowslider_image_margin=&#8221;||2vw||false|false&#8221; _builder_version=&#8221;4.27.0&#8243; _module_preset=&#8221;default&#8221; header_font=&#8221;|800|||||||&#8221; header_text_color=&#8221;#000000&#8243; header_font_size=&#8221;22px&#8221; content_font=&#8221;||||||||&#8221; content_text_align=&#8221;justify&#8221; content_line_height=&#8221;1.7em&#8221; global_colors_info=&#8221;{}&#8221;][\/dnxte_coverflowslider_child][dnxte_coverflowslider_child admin_label_text=&#8221;&#8217;80&#8221; coverflowslider_layouts=&#8221;below-image&#8221; coverflowslider_text=&#8221;anni &#8217;80: l&#8217;automazione&#8221; coverflowslider_content=&#8221;<\/p>\n<p>Nella seconda met\u00e0 degli anni \u201980, la massima espressione tecnologica nella fabbricazione dei motori fa il suo ingresso in Sisme con l\u2019avvento dei primi macchinari automatizzati per l\u2019avvolgimento controllato delle bobine.<\/p>\n<p>L\u2019azienda accoglie i sofisticati sistemi di produzione con abile \u201csavoir-faire\u201d: in tempi brevissimi non solo assimila i nuovi processi, ma grazie ad opportune modifiche, riesce ad assicurare risultati produttivi esaltanti sul piano dell\u2019efficacia e della qualit\u00e0. In questa direzione vengono subito decisi forti investimenti.<\/p>\n<p>L\u2019atteggiamento costruttivo, l\u2019interesse e l\u2019abile capacit\u00e0 di integrazione del personale permettono di costruire un insieme armonico che d\u00e0 forte slancio all\u2019azienda.<\/p>\n<p>&#8221; coverflowslider_image=&#8221;https:\/\/sisme.it\/wp-content\/uploads\/2024\/09\/robot-anni-80-sisme.jpg&#8221; coverflowslider_image_margin=&#8221;||2vw||false|false&#8221; _builder_version=&#8221;4.27.0&#8243; _module_preset=&#8221;default&#8221; header_font=&#8221;|800|||||||&#8221; header_text_color=&#8221;#000000&#8243; header_font_size=&#8221;22px&#8221; content_font=&#8221;||||||||&#8221; content_text_align=&#8221;justify&#8221; content_line_height=&#8221;1.7em&#8221; global_colors_info=&#8221;{}&#8221;][\/dnxte_coverflowslider_child][dnxte_coverflowslider_child admin_label_text=&#8221;&#8217;90&#8221; coverflowslider_layouts=&#8221;below-image&#8221; coverflowslider_text=&#8221;anni &#8217;90: crescita esponenziale&#8221; coverflowslider_content=&#8221;<\/p>\n<p>Da circa 4.000 motori al giorno a oltre 15.000 nel corso dei primi 40 anni di vita dell\u2019azienda. Le tecnologie ed i sistemi di produzione consentono all\u2019azienda una penetrazione del mercato pari a quattro volte quella iniziale, a parit\u00e0 di occupati. La produzione \u00e8 ripartita equamente tra le famiglie del prodotto: motori per elettrodomestici, motori per ventilazione industriale e civile, rotostatori per compressori frigoriferi.<\/p>\n<p>L\u201980% del prodotto raggiunge i mercati di tutto il mondo.Prevalentemente l\u2019Europa, ma notevoli sono le destinazioni intercontinentali (Stati Uniti, Australia, Africa, Asia) che rendono Sisme un marchio conosciuto ed apprezzato su tutto il pianeta per le sue specificit\u00e0 applicative e per il suo rinomato standard qualitativo.<\/p>\n<p>Nel 1995 viene raggiunto il traguardo del motore numero 10.000.000 per lavastoviglie venduto al gruppo Bosch-Siemens.<\/p>\n<p>&#8221; coverflowslider_image=&#8221;https:\/\/sisme.it\/wp-content\/uploads\/2024\/09\/decimilionesimo-motore-prodotto-sisme.jpg&#8221; coverflowslider_image_margin=&#8221;||2vw||false|false&#8221; _builder_version=&#8221;4.27.0&#8243; _module_preset=&#8221;default&#8221; header_font=&#8221;|800|||||||&#8221; header_text_color=&#8221;#000000&#8243; header_font_size=&#8221;22px&#8221; content_font=&#8221;||||||||&#8221; content_text_align=&#8221;justify&#8221; content_line_height=&#8221;1.7em&#8221; global_colors_info=&#8221;{}&#8221;][\/dnxte_coverflowslider_child][dnxte_coverflowslider_child admin_label_text=&#8221;anni 2000&#8243; coverflowslider_layouts=&#8221;below-image&#8221; coverflowslider_text=&#8221;anni 2000: espansione e localizzazione strategica&#8221; coverflowslider_content=&#8221;<\/p>\n<p>Negli anni 1999-2000-2001 Sisme \u00e8 stata classificata tra le prime 500 aziende europee che nei 5 anni precedenti hanno aumentato maggiormente sia il fatturato che il numero di dipendenti.<\/p>\n<p>Nei primi anni 2000 Sisme ha ricevuto molti riconoscimenti dai suoi maggiori clienti quale miglior fornitore di motori elettrici; tra i pi\u00f9 importanti quello biennale, ricevuto fin dalla sua istituzione, dal Gruppo Bosch und Siemens Hausger\u00e4te nei bienni 1992\/93, 1994\/95, 1996\/97, 1998\/99 e 2000\/01.<\/p>\n<p>Nel 2004 \u00e8 stata inaugurata Sisme Cina: un nuovo stabilimento a Tianjin, per soddisfare le richieste di uno dei mercati in pi\u00f9 rapida espansione del mondo. Per la continua ricerca della soddisfazione dei clienti e per la copertura dei mercati dell\u2019Est Europa, nel 2009 la SISME ha inaugurato un nuovo stabilimento a Velky Krtis in Slovacchia. Paese strategico per l\u2019Europa, sia dal punto di vista logistico, sia da quello economico.<\/p>\n<p>&#8221; coverflowslider_image=&#8221;https:\/\/sisme.it\/wp-content\/uploads\/2024\/09\/espansione-sisme-cina383.jpg&#8221; coverflowslider_image_margin=&#8221;||2vw||false|false&#8221; _builder_version=&#8221;4.27.0&#8243; _module_preset=&#8221;default&#8221; header_font=&#8221;|800|||||||&#8221; header_text_color=&#8221;#000000&#8243; header_font_size=&#8221;22px&#8221; content_font=&#8221;||||||||&#8221; content_text_align=&#8221;justify&#8221; content_line_height=&#8221;1.7em&#8221; global_colors_info=&#8221;{}&#8221;][\/dnxte_coverflowslider_child][dnxte_coverflowslider_child admin_label_text=&#8221;2015&#8243; coverflowslider_layouts=&#8221;below-image&#8221; coverflowslider_text=&#8221;2015: miglioramento continuo&#8221; coverflowslider_content=&#8221;<\/p>\n<p>Seguendo politiche aziendali fortemente orientate alla riduzione degli sprechi, Sisme ha avviato processi di continuo miglioramento con l\u2019obiettivo di fornire un servizio migliore ad un minor costo.<\/p>\n<p>Tali processi si sono concretizzati in investimenti mirati sull\u2019azienda, sulle persone e sulle linee di produzione, azioni che hanno permesso a Sisme di mantenere una posizione importante e di rilevanza nel proprio settore.<\/p>\n<p>&#8221; coverflowslider_image=&#8221;https:\/\/sisme.it\/wp-content\/uploads\/2024\/09\/espansione-continua-sisme.jpg&#8221; coverflowslider_image_margin=&#8221;||2vw||false|false&#8221; _builder_version=&#8221;4.27.0&#8243; _module_preset=&#8221;default&#8221; header_font=&#8221;|800|||||||&#8221; header_text_color=&#8221;#000000&#8243; header_font_size=&#8221;22px&#8221; content_font=&#8221;||||||||&#8221; content_text_align=&#8221;justify&#8221; content_line_height=&#8221;1.7em&#8221; global_colors_info=&#8221;{}&#8221;][\/dnxte_coverflowslider_child][dnxte_coverflowslider_child admin_label_text=&#8221;Oggi&#8221; coverflowslider_layouts=&#8221;below-image&#8221; coverflowslider_text=&#8221;Oggi: le sfide&#8221; coverflowslider_content=&#8221;<\/p>\n<p>Le grandi sfide del mercato, quali la Globalizzazione, la Qualit\u00e0, la Sicurezza, l\u2019Ecosistema, sono affrontate da Sisme con un coinvolgimento efficace di tutte le figure professionali e con l\u2019incessante ricerca di soluzioni che permettano di anticipare i trend futuri.<\/p>\n<p>Questo pensiero \u00e8 stato alla base dell\u2019investimento per una nuova linea di produzione completamente automatizzata, destinata alla realizzazione di motori brushless ad alta efficienza per cappe da cucina e ventilazione domestica.<\/p>\n<p>Sisme ancora oggi ha piena consapevolezza che, anche in futuro, si debba continuare ad operare \u201cinsieme\u201d perch\u00e9 sar\u00e0 ancora tanto il lavoro umano, pur supportato dalla macchina, a determinare un efficace sviluppo dell\u2019azienda.<\/p>\n<p>&#8221; coverflowslider_image=&#8221;https:\/\/sisme.it\/wp-content\/uploads\/2024\/09\/oggi-Sisme.jpg&#8221; coverflowslider_image_margin=&#8221;||2vw||false|false&#8221; _builder_version=&#8221;4.27.0&#8243; _module_preset=&#8221;default&#8221; header_font=&#8221;|800|||||||&#8221; header_text_color=&#8221;#000000&#8243; header_font_size=&#8221;22px&#8221; content_font=&#8221;||||||||&#8221; content_text_align=&#8221;justify&#8221; content_line_height=&#8221;1.7em&#8221; global_colors_info=&#8221;{}&#8221;][\/dnxte_coverflowslider_child][\/dnxte_coverflowslider_parent][\/et_pb_column][\/et_pb_row][\/et_pb_section]<\/p>\n","protected":false},"excerpt":{"rendered":"<p><div class=\"et_pb_module dnxte_coverflowslider_parent dnxte_coverflowslider_parent_0\">\n\t\t\t\t\n\t\t\t\t\n\t\t\t\t\n\t\t\t\t\n\t\t\t\t\n\t\t\t\t\n\t\t\t\t<div class=\"et_pb_module_inner\">\n\t\t\t\t\t<div class=\"et_pb_module dnxte_coverflowslider_parent dnxte_coverflowslider_parent_0\">\n\t\t\t\t\n\t\t\t\t\n\t\t\t\t\n\t\t\t\t\n\t\t\t\t\n\t\t\t\t\n\t\t\t\t<div class=\"et_pb_module_inner\">\n\t\t\t\t\t<div class=\"coverflow-container multi-position-container arrow-position-top\">\r\n                <div class=\"swiper-container dnxte-coverflowslider-active swiper-container-initialized swiper-container-horizontal \" data-autoplay=\"\" data-delay=\"2000\" data-direction=\"horizontal\" data-speed=\"400\" data-loop=\"off\" data-pagination-type=\"bullets\" data-pagination-bullets=\"on\"   data-breakpoints=\"2|1|1\" data-spacing=\"15\" data-grab=\"off\" data-center=\"1\" data-keyboardenable=\"on\"  data-covershadow=\"off\" data-coverrotate=\"0\" data-coverstretch=\"0\" data-coverdepth=\"0\" data-autoheight=\"on\" data-pauseonhover=\"1\" data-mouse=\"off\">\r\n                    <div class=\"swiper-wrapper\" data-lightbox=\"off\" data-orderclass=\"dnxte_coverflowslider_parent_0\">\r\n                        \r\n                    <\/div>\r\n                    <div class=\"swiper-pagination swiper-pagination-clickable swiper-pagination-bullets swiper-pagination-bullets-dynamic mt-10\"><\/div>\r\n                <\/div>\r\n                <div class=\"swiper-button-container multi-position-button-container multi-position-button-right\">\r\n                        <div class=\"swiper-button-prev multi-position-button\" data-icon=\"4\"><\/div>\r\n                        <div class=\"swiper-button-next multi-position-button\" data-icon=\"5\"><\/div>\r\n                    <\/div>\r\n            <\/div>\n\t\t\t\t<\/div>\n\t\t\t<\/div>\n\t\t\t\t<\/div>\n\t\t\t<\/div><div class=\"et_pb_module dnxte_coverflowslider_child dnxte_coverflowslider_child_0\">\n\t\t\t\t\n\t\t\t\t\n\t\t\t\t\n\t\t\t\t\n\t\t\t\t\n\t\t\t\t\n\t\t\t\t<div class=\"et_pb_module_inner\">\n\t\t\t\t\t<div class=\"dnxte-coverflow-image-container\" data-image-position=\"\">\r\n                <a href=\"\" class=\"dnxte-coverflow-image-link\" data-title=\"&#8221;1957:\" data-link=\",_self\">\r\n                    <div class=\"dnxte-coverflow-overlay-color\"><\/div>\r\n                    <div class=\"dnxte-coverflow-overlay-color-hover\"><\/div>\r\n                    \r\n                <\/a>\r\n            <\/div>\r\n            <div class=\"dnxte-coverflow-multitext \">\r\n                <h3 class=\"dnxte-coverflow-heading\">&#8221;1957:<\/h3>\r\n                <div class=\"dnxte-coverflow-pra\">&#8221;Il<\/div>\r\n                \r\n            <\/div>\n\t\t\t\t<\/div>\n\t\t\t<\/div><\/p>\n","protected":false},"author":1,"featured_media":0,"parent":2695,"menu_order":0,"comment_status":"closed","ping_status":"closed","template":"","meta":{"_et_pb_use_builder":"on","_et_pb_old_content":"","_et_gb_content_width":"","inline_featured_image":false,"footnotes":""},"class_list":["post-2703","page","type-page","status-publish","hentry"],"yoast_head":"<!-- This site is optimized with the Yoast SEO plugin v27.3 - https:\/\/yoast.com\/product\/yoast-seo-wordpress\/ -->\n<title>History - Sisme Group<\/title>\n<meta name=\"description\" content=\"Sisme: a history of innovation and growth. Discover the story and how we have become a reliable partner for companies all over the world.\" \/>\n<meta name=\"robots\" content=\"index, follow, max-snippet:-1, max-image-preview:large, max-video-preview:-1\" \/>\n<link rel=\"canonical\" href=\"https:\/\/sisme.it\/en\/company\/history\/\" \/>\n<meta property=\"og:locale\" content=\"en_US\" \/>\n<meta property=\"og:type\" content=\"article\" \/>\n<meta property=\"og:title\" content=\"History - Sisme Group\" \/>\n<meta property=\"og:description\" content=\"Sisme: a history of innovation and growth. Discover the story and how we have become a reliable partner for companies all over the world.\" \/>\n<meta property=\"og:url\" content=\"https:\/\/sisme.it\/en\/company\/history\/\" \/>\n<meta property=\"og:site_name\" content=\"Sisme Group\" \/>\n<meta property=\"article:modified_time\" content=\"2024-10-25T09:47:01+00:00\" \/>\n<meta name=\"twitter:card\" content=\"summary_large_image\" \/>\n<meta name=\"twitter:label1\" content=\"Est. reading time\" \/>\n\t<meta name=\"twitter:data1\" content=\"7 minutes\" \/>\n<script type=\"application\/ld+json\" class=\"yoast-schema-graph\">{\"@context\":\"https:\\\/\\\/schema.org\",\"@graph\":[{\"@type\":\"WebPage\",\"@id\":\"https:\\\/\\\/sisme.it\\\/en\\\/company\\\/history\\\/\",\"url\":\"https:\\\/\\\/sisme.it\\\/en\\\/company\\\/history\\\/\",\"name\":\"History - Sisme Group\",\"isPartOf\":{\"@id\":\"https:\\\/\\\/sisme.it\\\/en\\\/#website\"},\"datePublished\":\"2024-09-24T12:33:48+00:00\",\"dateModified\":\"2024-10-25T09:47:01+00:00\",\"description\":\"Sisme: a history of innovation and growth. Discover the story and how we have become a reliable partner for companies all over the world.\",\"breadcrumb\":{\"@id\":\"https:\\\/\\\/sisme.it\\\/en\\\/company\\\/history\\\/#breadcrumb\"},\"inLanguage\":\"en-US\",\"potentialAction\":[{\"@type\":\"ReadAction\",\"target\":[\"https:\\\/\\\/sisme.it\\\/en\\\/company\\\/history\\\/\"]}]},{\"@type\":\"BreadcrumbList\",\"@id\":\"https:\\\/\\\/sisme.it\\\/en\\\/company\\\/history\\\/#breadcrumb\",\"itemListElement\":[{\"@type\":\"ListItem\",\"position\":1,\"name\":\"Home\",\"item\":\"https:\\\/\\\/sisme.it\\\/en\\\/\"},{\"@type\":\"ListItem\",\"position\":2,\"name\":\"Company\",\"item\":\"https:\\\/\\\/sisme.it\\\/en\\\/company\\\/\"},{\"@type\":\"ListItem\",\"position\":3,\"name\":\"History\"}]},{\"@type\":\"WebSite\",\"@id\":\"https:\\\/\\\/sisme.it\\\/en\\\/#website\",\"url\":\"https:\\\/\\\/sisme.it\\\/en\\\/\",\"name\":\"Sisme Group\",\"description\":\"Electric Motors\",\"publisher\":{\"@id\":\"https:\\\/\\\/sisme.it\\\/en\\\/#organization\"},\"potentialAction\":[{\"@type\":\"SearchAction\",\"target\":{\"@type\":\"EntryPoint\",\"urlTemplate\":\"https:\\\/\\\/sisme.it\\\/en\\\/?s={search_term_string}\"},\"query-input\":{\"@type\":\"PropertyValueSpecification\",\"valueRequired\":true,\"valueName\":\"search_term_string\"}}],\"inLanguage\":\"en-US\"},{\"@type\":\"Organization\",\"@id\":\"https:\\\/\\\/sisme.it\\\/en\\\/#organization\",\"name\":\"Sisme Group spa\",\"url\":\"https:\\\/\\\/sisme.it\\\/en\\\/\",\"logo\":{\"@type\":\"ImageObject\",\"inLanguage\":\"en-US\",\"@id\":\"https:\\\/\\\/sisme.it\\\/en\\\/#\\\/schema\\\/logo\\\/image\\\/\",\"url\":\"https:\\\/\\\/sisme.it\\\/wp-content\\\/uploads\\\/2024\\\/06\\\/sisme-logo.svg\",\"contentUrl\":\"https:\\\/\\\/sisme.it\\\/wp-content\\\/uploads\\\/2024\\\/06\\\/sisme-logo.svg\",\"width\":255,\"height\":54,\"caption\":\"Sisme Group spa\"},\"image\":{\"@id\":\"https:\\\/\\\/sisme.it\\\/en\\\/#\\\/schema\\\/logo\\\/image\\\/\"},\"sameAs\":[\"https:\\\/\\\/www.linkedin.com\\\/company\\\/sismegroup\\\/\"]}]}<\/script>\n<!-- \/ Yoast SEO plugin. -->","yoast_head_json":{"title":"History - Sisme Group","description":"Sisme: a history of innovation and growth. Discover the story and how we have become a reliable partner for companies all over the world.","robots":{"index":"index","follow":"follow","max-snippet":"max-snippet:-1","max-image-preview":"max-image-preview:large","max-video-preview":"max-video-preview:-1"},"canonical":"https:\/\/sisme.it\/en\/company\/history\/","og_locale":"en_US","og_type":"article","og_title":"History - Sisme Group","og_description":"Sisme: a history of innovation and growth. Discover the story and how we have become a reliable partner for companies all over the world.","og_url":"https:\/\/sisme.it\/en\/company\/history\/","og_site_name":"Sisme Group","article_modified_time":"2024-10-25T09:47:01+00:00","twitter_card":"summary_large_image","twitter_misc":{"Est. reading time":"7 minutes"},"schema":{"@context":"https:\/\/schema.org","@graph":[{"@type":"WebPage","@id":"https:\/\/sisme.it\/en\/company\/history\/","url":"https:\/\/sisme.it\/en\/company\/history\/","name":"History - Sisme Group","isPartOf":{"@id":"https:\/\/sisme.it\/en\/#website"},"datePublished":"2024-09-24T12:33:48+00:00","dateModified":"2024-10-25T09:47:01+00:00","description":"Sisme: a history of innovation and growth. Discover the story and how we have become a reliable partner for companies all over the world.","breadcrumb":{"@id":"https:\/\/sisme.it\/en\/company\/history\/#breadcrumb"},"inLanguage":"en-US","potentialAction":[{"@type":"ReadAction","target":["https:\/\/sisme.it\/en\/company\/history\/"]}]},{"@type":"BreadcrumbList","@id":"https:\/\/sisme.it\/en\/company\/history\/#breadcrumb","itemListElement":[{"@type":"ListItem","position":1,"name":"Home","item":"https:\/\/sisme.it\/en\/"},{"@type":"ListItem","position":2,"name":"Company","item":"https:\/\/sisme.it\/en\/company\/"},{"@type":"ListItem","position":3,"name":"History"}]},{"@type":"WebSite","@id":"https:\/\/sisme.it\/en\/#website","url":"https:\/\/sisme.it\/en\/","name":"Sisme Group","description":"Electric Motors","publisher":{"@id":"https:\/\/sisme.it\/en\/#organization"},"potentialAction":[{"@type":"SearchAction","target":{"@type":"EntryPoint","urlTemplate":"https:\/\/sisme.it\/en\/?s={search_term_string}"},"query-input":{"@type":"PropertyValueSpecification","valueRequired":true,"valueName":"search_term_string"}}],"inLanguage":"en-US"},{"@type":"Organization","@id":"https:\/\/sisme.it\/en\/#organization","name":"Sisme Group spa","url":"https:\/\/sisme.it\/en\/","logo":{"@type":"ImageObject","inLanguage":"en-US","@id":"https:\/\/sisme.it\/en\/#\/schema\/logo\/image\/","url":"https:\/\/sisme.it\/wp-content\/uploads\/2024\/06\/sisme-logo.svg","contentUrl":"https:\/\/sisme.it\/wp-content\/uploads\/2024\/06\/sisme-logo.svg","width":255,"height":54,"caption":"Sisme Group spa"},"image":{"@id":"https:\/\/sisme.it\/en\/#\/schema\/logo\/image\/"},"sameAs":["https:\/\/www.linkedin.com\/company\/sismegroup\/"]}]}},"_links":{"self":[{"href":"https:\/\/sisme.it\/en\/wp-json\/wp\/v2\/pages\/2703","targetHints":{"allow":["GET"]}}],"collection":[{"href":"https:\/\/sisme.it\/en\/wp-json\/wp\/v2\/pages"}],"about":[{"href":"https:\/\/sisme.it\/en\/wp-json\/wp\/v2\/types\/page"}],"author":[{"embeddable":true,"href":"https:\/\/sisme.it\/en\/wp-json\/wp\/v2\/users\/1"}],"replies":[{"embeddable":true,"href":"https:\/\/sisme.it\/en\/wp-json\/wp\/v2\/comments?post=2703"}],"version-history":[{"count":5,"href":"https:\/\/sisme.it\/en\/wp-json\/wp\/v2\/pages\/2703\/revisions"}],"predecessor-version":[{"id":2947,"href":"https:\/\/sisme.it\/en\/wp-json\/wp\/v2\/pages\/2703\/revisions\/2947"}],"up":[{"embeddable":true,"href":"https:\/\/sisme.it\/en\/wp-json\/wp\/v2\/pages\/2695"}],"wp:attachment":[{"href":"https:\/\/sisme.it\/en\/wp-json\/wp\/v2\/media?parent=2703"}],"curies":[{"name":"wp","href":"https:\/\/api.w.org\/{rel}","templated":true}]}}